{"id":1929,"date":"2020-06-12T20:00:03","date_gmt":"2020-06-12T20:00:03","guid":{"rendered":"http:\/\/www.simref.net\/simref\/que-es-el-simref-catala\/"},"modified":"2020-06-12T20:05:49","modified_gmt":"2020-06-12T20:05:49","slug":"que-es-el-simref-catala","status":"publish","type":"page","link":"https:\/\/www.simref.net\/simref\/ca\/que-es-el-simref-catala\/","title":{"rendered":"\u00bfQu\u00e9 es el SIMReF? &#8211; Catal\u00e0"},"content":{"rendered":"\n<p><strong>Qu\u00e8 \u00e9s el SIMReF?<\/strong><br>El SIMReF (Seminari Interdisciplinar de Metodologia de Recerca Feminista) \u00e9s un seminari multidisciplinari i interuniversitari que neix el 2008 al si del grup GREDI participant en la l\u00ednia de <a href=\"http:\/\/www.ub.edu\/gredi\/?page_id=85\">Metodologies i epistemologies per a la investigaci\u00f3 transformadora<\/a>. A poc a poc, es configura com un espai estable de reflexi\u00f3, formaci\u00f3 i cr\u00edtica al voltant de les metodologies d&#8217;investigaci\u00f3 feminista. Avui dia col\u00b7labora amb <a href=\"http:\/\/psicologiasocial.uab.es\/joventic\/es\">JovenTIC<\/a> sent reconegut amb el nom de <a href=\"http:\/\/www.urv.cat\/html\/grupsrecerca\/general-simrefjt.php\">SIMReF-JovenTIC<\/a>, com a grup de recerca propi de la URV. Les integrants del SIMReF s\u00f3n membres de diferents grups de recerca reconeguts a Catalunya i Euskal Herria.<br>Com el seu nom indica, es tracta d&#8217;un grup centrat en les metodologies d&#8217;investigaci\u00f3 feminista. En efecte, prenem com a punt de partida les cr\u00edtiques feministes a la ci\u00e8ncia (en tota la seva diversitat) que han fet possible posar en q\u00fcesti\u00f3 els principis segons els quals es construeix el coneixement: les formes en qu\u00e8 els biaixos androc\u00e8ntrics influeixen en aspectes crucials de les ci\u00e8ncies com l&#8217;elecci\u00f3 dels temes d&#8217;investigaci\u00f3; el pret\u00e8s universalisme de les formes de coneixement occidentals modernes; el positivisme en la seva neutralitat intocable; les formes d&#8217;exclusi\u00f3 material i pr\u00e0ctica dels espais de producci\u00f3 del coneixement; les formes i procediments que validen el mateix &#8230; Les aportacions de les epistemologies feministes en les \u00faltimes d\u00e8cades han estat sens dubte diverses i, de vegades, trobades.<br>No obstant aix\u00f2 en els \u00faltims anys hem vist com aquestes proposta epistemol\u00f2giques no sempre s&#8217;han tradu\u00eft en models metodol\u00f2gics estables i rigorosos que puguin permetre el desenvolupament d&#8217;investigacions cr\u00edtiques i feministes en diferents disciplines. M\u00e9s enll\u00e0 de triar q\u00fcestions de recerca que contribueixin a l&#8217;emancipaci\u00f3 feminista, necessitem aix\u00ed mateix propostes concretes i elaborades que ens ajudin a subvertir la forma en qu\u00e8 investiguem i validem els resultats de les nostres investigacions. Al llarg de la nostra experi\u00e8ncia com a investigadores, professores o activistes, les persones que participem en SIMReF hem viscut i observat aquesta necessitat que es tradueix sovint en dificultats per elaborar investigacions en qu\u00e8 els principis feministes es reflecteixin en aspectes metodol\u00f2gics, m\u00e9s enll\u00e0 de el te\u00f2ric o el tem\u00e0tic.<br>I \u00e9s precisament per aix\u00f2, i amb l&#8217;objectiu d&#8217;aprofundir en l&#8217;elaboraci\u00f3 i difusi\u00f3 de propostes metodol\u00f2giques feministes, de manera que vam comen\u00e7ar a donar forma a les diferents activitats que de forma gradual hem anat oferint des del SIMReF: seminaris permanents, cursos virtuals, semipresencials, jornades, creaci\u00f3 i ampliaci\u00f3 de repositoris &#8230; Una \u00e0mplia gamma de propostes que hem anat realitzant, sovint en col\u00b7laboraci\u00f3 amb altres grups i entitats i que, al llarg del temps, hem anat avaluant de forma cr\u00edtica i millorant en la mesura el possible. Pretenem, per tant, aportar el nostre gra de sorra als debats que a nivell internacional s&#8217;estan desenvolupant com a forma d&#8217;explorar i ampliar els l\u00edmits i les potencialitats de les metodologies feministes d&#8217;investigaci\u00f3 aix\u00ed com, i de manera paral\u00b7lela, oferir espais formatius que puguin ampliar les possibilitats de desenvolupament pr\u00e0ctic i efectiu dels paradigmes cr\u00edtics feministes en diferents \u00e0mbits disciplinaris.<br>Per a aix\u00f2 posem l&#8217;accent en diferents objectius que ens permeten seguir avan\u00e7ant:<\/p>\n\n\n\n<ul><li>Aprofundir en metodologies feministes concretes per aportar coneixements rigorosos sobre els seus possibles aplicacions i els l\u00edmits que aquestes presenten<\/li><li>Contribuir a la reflexi\u00f3 inter-disciplinar, observant la forma espec\u00edfica en qu\u00e8 la investigaci\u00f3 feminista s&#8217;incorpora o s&#8217;hauria d&#8217;incorporar en diferents espais disciplinaris<\/li><li>Oferir espais d&#8217;intercanvi per als que estiguin investigant des d&#8217;una perspectiva feminista i vulguin contribuir amb la seva experi\u00e8ncia a la formaci\u00f3 pr\u00f2pia i de les altres<\/li><li>Establir xarxes de comunicaci\u00f3 entre investigadores que estiguin amb el seu treball i reflexi\u00f3 contribuint a l&#8217;ampliaci\u00f3 dels coneixements sobre metodologies feministes.<\/li><\/ul>\n\n\n\n<p>Les <a href=\"http:\/\/www.simref.net\/es\/actividades\/\">activitats<\/a> proposades pel SIMReF van variant d&#8217;any en any depenent dels interessos i les possibilitats de treball de les persones involucrades, el finan\u00e7ament obtingut i l&#8217;avaluaci\u00f3 de les experi\u00e8ncies anteriors. En aquesta p\u00e0gina, podeu consultar tant les nostres activitats <a href=\"http:\/\/www.simref.net\/es\/actividades\/\">actuals <\/a>com les d&#8217;<a href=\"http:\/\/www.simref.net\/es\/ediciones-anteriores\/\">edicions anteriors<\/a>.[:en]Sorry, we are still translating this page.<\/p>\n","protected":false},"excerpt":{"rendered":"<p>Qu\u00e8 \u00e9s el SIMReF?El SIMReF (Seminari Interdisciplinar de Metodologia de Recerca Feminista) \u00e9s un seminari multidisciplinari i interuniversitari que neix&hellip;<\/p>\n","protected":false},"author":1,"featured_media":0,"parent":0,"menu_order":0,"comment_status":"closed","ping_status":"closed","template":"","meta":{"pgc_meta":"","footnotes":""},"pgc_meta":"","_links":{"self":[{"href":"https:\/\/www.simref.net\/simref\/wp-json\/wp\/v2\/pages\/1929"}],"collection":[{"href":"https:\/\/www.simref.net\/simref\/wp-json\/wp\/v2\/pages"}],"about":[{"href":"https:\/\/www.simref.net\/simref\/wp-json\/wp\/v2\/types\/page"}],"author":[{"embeddable":true,"href":"https:\/\/www.simref.net\/simref\/wp-json\/wp\/v2\/users\/1"}],"replies":[{"embeddable":true,"href":"https:\/\/www.simref.net\/simref\/wp-json\/wp\/v2\/comments?post=1929"}],"version-history":[{"count":1,"href":"https:\/\/www.simref.net\/simref\/wp-json\/wp\/v2\/pages\/1929\/revisions"}],"predecessor-version":[{"id":1932,"href":"https:\/\/www.simref.net\/simref\/wp-json\/wp\/v2\/pages\/1929\/revisions\/1932"}],"wp:attachment":[{"href":"https:\/\/www.simref.net\/simref\/wp-json\/wp\/v2\/media?parent=1929"}],"curies":[{"name":"wp","href":"https:\/\/api.w.org\/{rel}","templated":true}]}}